{"id":11,"date":"2019-09-06T08:51:35","date_gmt":"2019-09-06T08:51:35","guid":{"rendered":"http:\/\/schleido.de\/?page_id=11"},"modified":"2019-09-07T12:26:01","modified_gmt":"2019-09-07T12:26:01","slug":"datenschutz","status":"publish","type":"page","link":"https:\/\/schleido.de\/?page_id=11","title":{"rendered":"Datenschutz"},"content":{"rendered":"\n<h2 class=\"wp-block-heading\" id=\"imPgTitle\">Datenschutz<\/h2>\n\n\n<p><!--StartFragment--><\/p>\n\n\n<p>Verantwortlicher:<\/p>\n\n\n\n<p>Doris Schleicher, Hubertusstr. 8, 80639 M\u00fcnchen<\/p>\n\n\n\n<p>Telefon: 0163-6386840<br> E-Mail: schleido(at)gmail(dot)com<\/p>\n\n\n\n<p><strong>Datenschutzerkl\u00e4rung<\/strong><\/p>\n\n\n<p><!--EndFragment--><\/p>\n\n\n<p>1. Datenschutz auf einen Blick<\/p>\n\n\n\n<p>Allgemeine Hinweise<\/p>\n\n\n\n<p>Die folgenden Hinweise\ngeben einen einfachen \u00dcberblick dar\u00fcber, was mit Ihren personenbezogenen Daten\npassiert, wenn Sie unsere Website besuchen. Personenbezogene Daten sind alle\nDaten, mit denen Sie pers\u00f6nlich identifiziert werden k\u00f6nnen. Ausf\u00fchrliche\nInformationen zum Thema Datenschutz entnehmen Sie unserer unter diesem Text\naufgef\u00fchrten Datenschutzerkl\u00e4rung.<\/p>\n\n\n\n<p>Datenerfassung auf unserer Website<\/p>\n\n\n\n<p>Wer\nist verantwortlich f\u00fcr die Datenerfassung auf dieser Website?<\/p>\n\n\n\n<p>Die Datenverarbeitung auf\ndieser Website erfolgt durch den Websitebetreiber. Dessen Kontaktdaten k\u00f6nnen\nSie dem Impressum dieser Website entnehmen.<\/p>\n\n\n\n<p>Wie\nerfassen wir Ihre Daten?<\/p>\n\n\n\n<p>Ihre Daten werden zum\neinen dadurch erhoben, dass Sie uns diese mitteilen. Hierbei kann es sich z. B.\num Daten handeln, die Sie in ein Kontaktformular eingeben.<\/p>\n\n\n\n<p>Andere Daten werden\nautomatisch beim Besuch der Website durch unsere IT-Systeme erfasst. Das sind\nvor allem technische Daten (z. B. Internetbrowser, Betriebssystem oder Uhrzeit\ndes Seitenaufrufs). Die Erfassung dieser Daten erfolgt automatisch, sobald Sie\nunsere Website betreten.<\/p>\n\n\n\n<p>Wof\u00fcr\nnutzen wir Ihre Daten?<\/p>\n\n\n\n<p>Ein Teil der Daten wird\nerhoben, um eine fehlerfreie Bereitstellung der Website zu gew\u00e4hrleisten.\nAndere Daten k\u00f6nnen zur Analyse Ihres Nutzerverhaltens verwendet werden.<\/p>\n\n\n\n<p>Welche\nRechte haben Sie bez\u00fcglich Ihrer Daten?<\/p>\n\n\n\n<p>Sie haben jederzeit das\nRecht unentgeltlich Auskunft \u00fcber Herkunft, Empf\u00e4nger und Zweck Ihrer\ngespeicherten personenbezogenen Daten zu erhalten. Sie haben au\u00dferdem ein\nRecht, die Berichtigung, Sperrung oder L\u00f6schung dieser Daten zu verlangen.\nHierzu sowie zu weiteren Fragen zum Thema Datenschutz k\u00f6nnen Sie sich jederzeit\nunter der im Impressum angegebenen Adresse an uns wenden. Des Weiteren steht\nIhnen ein Beschwerderecht bei der zust\u00e4ndigen Aufsichtsbeh\u00f6rde zu.<\/p>\n\n\n\n<p>Analyse-Tools und Tools von Drittanbietern<\/p>\n\n\n\n<p>Beim Besuch unserer\nWebsite kann Ihr Surf-Verhalten statistisch ausgewertet werden. Das geschieht\nvor allem mit Cookies und mit sogenannten Analyseprogrammen. Die Analyse Ihres\nSurf-Verhaltens erfolgt in der Regel anonym; das Surf-Verhalten kann nicht zu\nIhnen zur\u00fcckverfolgt werden. Sie k\u00f6nnen dieser Analyse widersprechen oder sie\ndurch die Nichtbenutzung bestimmter Tools verhindern. Detaillierte\nInformationen dazu finden Sie in der folgenden Datenschutzerkl\u00e4rung.<\/p>\n\n\n\n<p>Sie k\u00f6nnen dieser Analyse\nwidersprechen. \u00dcber die Widerspruchsm\u00f6glichkeiten werden wir Sie in dieser\nDatenschutzerkl\u00e4rung informieren.<\/p>\n\n\n\n<p><br>\n2. Allgemeine Hinweise und Pflichtinformationen<\/p>\n\n\n\n<p>Datenschutz<\/p>\n\n\n\n<p>Die Betreiber dieser\nSeiten nehmen den Schutz Ihrer pers\u00f6nlichen Daten sehr ernst. Wir behandeln\nIhre personenbezogenen Daten vertraulich und entsprechend der gesetzlichen\nDatenschutzvorschriften sowie dieser Datenschutzerkl\u00e4rung.<\/p>\n\n\n\n<p>Wenn Sie diese Website\nbenutzen, werden verschiedene personenbezogene Daten erhoben. Personenbezogene\nDaten sind Daten, mit denen Sie pers\u00f6nlich identifiziert werden k\u00f6nnen. Die\nvorliegende Datenschutzerkl\u00e4rung erl\u00e4utert, welche Daten wir erheben und wof\u00fcr\nwir sie nutzen. Sie erl\u00e4utert auch, wie und zu welchem Zweck das geschieht.<\/p>\n\n\n\n<p>Wir weisen darauf hin,\ndass die Daten\u00fcbertragung im Internet (z. B. bei der Kommunikation per E-Mail)\nSicherheitsl\u00fccken aufweisen kann. Ein l\u00fcckenloser Schutz der Daten vor dem\nZugriff durch Dritte ist nicht m\u00f6glich.<\/p>\n\n\n\n<p>Hinweis zur verantwortlichen Stelle<\/p>\n\n\n\n<p>Die verantwortliche\nStelle f\u00fcr die Datenverarbeitung auf dieser Website ist:<\/p>\n\n\n\n<p>Doris Schleicher, Hubertusstr. 8, 80639 M\u00fcnchen<\/p>\n\n\n\n<p>Telefon: 0163-6386840<br> E-Mail: schleido(at)gmail(dot)com<\/p>\n\n\n\n<p>Verantwortliche Stelle\nist die nat\u00fcrliche oder juristische Person, die allein oder gemeinsam mit\nanderen \u00fcber die Zwecke und Mittel der Verarbeitung von personenbezogenen Daten\n(z. B. Namen, E-Mail-Adressen o. \u00c4.) entscheidet.<\/p>\n\n\n\n<p>Widerruf Ihrer Einwilligung zur Datenverarbeitung<\/p>\n\n\n\n<p>Viele\nDatenverarbeitungsvorg\u00e4nge sind nur mit Ihrer ausdr\u00fccklichen Einwilligung\nm\u00f6glich. Sie k\u00f6nnen eine bereits erteilte Einwilligung jederzeit widerrufen.\nDazu reicht eine formlose Mitteilung per E-Mail an uns. Die Rechtm\u00e4\u00dfigkeit der\nbis zum Widerruf erfolgten Datenverarbeitung bleibt vom Widerruf unber\u00fchrt.<\/p>\n\n\n\n<p>Beschwerderecht bei der zust\u00e4ndigen\nAufsichtsbeh\u00f6rde<\/p>\n\n\n\n<p>Im Falle\ndatenschutzrechtlicher Verst\u00f6\u00dfe steht dem Betroffenen ein Beschwerderecht bei\nder zust\u00e4ndigen Aufsichtsbeh\u00f6rde zu. Zust\u00e4ndige Aufsichtsbeh\u00f6rde in\ndatenschutzrechtlichen Fragen ist der Landesdatenschutzbeauftragte des\nBundeslandes, in dem unser Unternehmen seinen Sitz hat. Eine Liste der\nDatenschutzbeauftragten sowie deren Kontaktdaten k\u00f6nnen folgendem Link\nentnommen werden: <a href=\"https:\/\/www.bfdi.bund.de\/DE\/Infothek\/Anschriften_Links\/anschriften_links-node.html\" target=\"_blank\" rel=\"noreferrer noopener\">https:\/\/www.bfdi.bund.de\/DE\/Infothek\/Anschriften_Links\/anschriften_links-node.html<\/a>.<\/p>\n\n\n\n<p>Recht auf Daten\u00fcbertragbarkeit<\/p>\n\n\n\n<p>Sie haben das Recht,\nDaten, die wir auf Grundlage Ihrer Einwilligung oder in Erf\u00fcllung eines\nVertrags automatisiert verarbeiten, an sich oder an einen Dritten in einem\ng\u00e4ngigen, maschinenlesbaren Format aush\u00e4ndigen zu lassen. Sofern Sie die\ndirekte \u00dcbertragung der Daten an einen anderen Verantwortlichen verlangen,\nerfolgt dies nur, soweit es technisch machbar ist.<\/p>\n\n\n\n<p>SSL- bzw. TLS-Verschl\u00fcsselung<\/p>\n\n\n\n<p>Diese Seite nutzt aus\nSicherheitsgr\u00fcnden und zum Schutz der \u00dcbertragung vertraulicher Inhalte, wie\nzum Beispiel Bestellungen oder Anfragen, die Sie an uns als Seitenbetreiber\nsenden, eine SSL-bzw. TLS-Verschl\u00fcsselung. Eine verschl\u00fcsselte Verbindung\nerkennen Sie daran, dass die Adresszeile des Browsers von \u201chttp:\/\/\u201d auf\n\u201chttps:\/\/\u201d wechselt und an dem Schloss-Symbol in Ihrer Browserzeile.<\/p>\n\n\n\n<p>Wenn die SSL- bzw.\nTLS-Verschl\u00fcsselung aktiviert ist, k\u00f6nnen die Daten, die Sie an uns\n\u00fcbermitteln, nicht von Dritten mitgelesen werden.<\/p>\n\n\n\n<p>Auskunft, Sperrung, L\u00f6schung<\/p>\n\n\n\n<p>Sie haben im Rahmen der\ngeltenden gesetzlichen Bestimmungen jederzeit das Recht auf unentgeltliche\nAuskunft \u00fcber Ihre gespeicherten personenbezogenen Daten, deren Herkunft und\nEmpf\u00e4nger und den Zweck der Datenverarbeitung und ggf. ein Recht auf Berichtigung,\nSperrung oder L\u00f6schung dieser Daten. Hierzu sowie zu weiteren Fragen zum Thema\npersonenbezogene Daten k\u00f6nnen Sie sich jederzeit unter der im Impressum\nangegebenen Adresse an uns wenden.<\/p>\n\n\n\n<p>Widerspruch gegen Werbe-Mails<\/p>\n\n\n\n<p>Der Nutzung von im Rahmen\nder Impressumspflicht ver\u00f6ffentlichten Kontaktdaten zur \u00dcbersendung von nicht\nausdr\u00fccklich angeforderter Werbung und Informationsmaterialien wird hiermit\nwidersprochen. Die Betreiber der Seiten behalten sich ausdr\u00fccklich rechtliche\nSchritte im Falle der unverlangten Zusendung von Werbeinformationen, etwa durch\nSpam-E-Mails, vor.<\/p>\n\n\n\n<p><br> 3. Datenschutzbeauftragter<\/p>\n\n\n\n<p>Doris Schleicher, Hubertusstr. 8, 80639 M\u00fcnchen<\/p>\n\n\n\n<p>Telefon: 0163-6386840<br> E-Mail: schleido(at)gmail(dot)com<\/p>\n\n\n<p><!--StartFragment--><\/p>\n<p><!--EndFragment--><\/p>\n\n\n<p><br>\n4. Datenerfassung auf unserer Website<\/p>\n\n\n\n<p>Cookies<\/p>\n\n\n\n<p>Die Internetseiten\nverwenden teilweise so genannte Cookies. Cookies richten auf Ihrem Rechner\nkeinen Schaden an und enthalten keine Viren. Cookies dienen dazu, unser Angebot\nnutzerfreundlicher, effektiver und sicherer zu machen. Cookies sind kleine\nTextdateien, die auf Ihrem Rechner abgelegt werden und die Ihr Browser\nspeichert.<\/p>\n\n\n\n<p>Die meisten der von uns\nverwendeten Cookies sind so genannte \u201cSession-Cookies\u201d. Sie werden nach Ende\nIhres Besuchs automatisch gel\u00f6scht. Andere Cookies bleiben auf Ihrem Endger\u00e4t\ngespeichert bis Sie diese l\u00f6schen. Diese Cookies erm\u00f6glichen es uns, Ihren\nBrowser beim n\u00e4chsten Besuch wiederzuerkennen.<\/p>\n\n\n\n<p>Sie k\u00f6nnen Ihren Browser\nso einstellen, dass Sie \u00fcber das Setzen von Cookies informiert werden und\nCookies nur im Einzelfall erlauben, die Annahme von Cookies f\u00fcr bestimmte F\u00e4lle\noder generell ausschlie\u00dfen sowie das automatische L\u00f6schen der Cookies beim\nSchlie\u00dfen des Browser aktivieren. Bei der Deaktivierung von Cookies kann die\nFunktionalit\u00e4t dieser Website eingeschr\u00e4nkt sein.<\/p>\n\n\n\n<p>Cookies, die zur Durchf\u00fchrung des elektronischen Kommunikationsvorgangs oder zur Bereitstellung bestimmter, von Ihnen erw\u00fcnschter Funktionen (z. B. Warenkorbfunktion) erforderlich sind, werden auf Grundlage von Art. 6 Abs. 1 lit. f DSGVO gespeichert. Der Websitebetreiber hat ein berechtigtes Interesse an der Speicherung von Cookies zur technisch fehlerfreien und optimierten Bereitstellung seiner Dienste. Soweit andere Cookies (z. B. Cookies zur Analyse Ihres Surfverhaltens) gespeichert werden, werden diese in dieser Datenschutzerkl\u00e4rung gesondert behandelt.<\/p>\n\n\n\n<p><\/p>\n\n\n\n<p>Server-Log-Dateien<\/p>\n\n\n\n<p>Der Provider der Seiten\nerhebt und speichert automatisch Informationen in so genannten\nServer-Log-Dateien, die Ihr Browser automatisch an uns \u00fcbermittelt. Dies sind:<\/p>\n\n\n\n<ul class=\"wp-block-list\"><li>Browsertyp und\n     Browserversion<\/li><li>verwendetes\n     Betriebssystem<\/li><li>Referrer URL<\/li><li>Hostname des\n     zugreifenden Rechners<\/li><li>Uhrzeit der\n     Serveranfrage<\/li><li>IP-Adresse<\/li><\/ul>\n\n\n\n<p>Eine Zusammenf\u00fchrung\ndieser Daten mit anderen Datenquellen wird nicht vorgenommen.<\/p>\n\n\n\n<p>Grundlage f\u00fcr die\nDatenverarbeitung ist Art. 6 Abs. 1 lit. f DSGVO, der die Verarbeitung von\nDaten zur Erf\u00fcllung eines Vertrags oder vorvertraglicher Ma\u00dfnahmen gestattet.<\/p>\n","protected":false},"excerpt":{"rendered":"<p>Datenschutz Verantwortlicher: Doris Schleicher, Hubertusstr. 8, 80639 M\u00fcnchen Telefon: 0163-6386840 E-Mail: schleido(at)gmail(dot)com Datenschutzerkl\u00e4rung 1. Datenschutz auf einen Blick Allgemeine Hinweise Die folgenden Hinweise geben einen einfachen \u00dcberblick dar\u00fcber, was mit Ihren personenbezogenen Daten passiert, wenn Sie unsere Website besuchen. Personenbezogene Daten sind alle Daten, mit &hellip; <a href=\"https:\/\/schleido.de\/?page_id=11\" class=\"more-link\"><span>Continue reading<span class=\"screen-reader-text\">Datenschutz<\/span><\/span><\/a><\/p>\n","protected":false},"author":1,"featured_media":0,"parent":0,"menu_order":0,"comment_status":"closed","ping_status":"closed","template":"","meta":{"footnotes":""},"class_list":["post-11","page","type-page","status-publish","hentry"],"_links":{"self":[{"href":"https:\/\/schleido.de\/index.php?rest_route=\/wp\/v2\/pages\/11","targetHints":{"allow":["GET"]}}],"collection":[{"href":"https:\/\/schleido.de\/index.php?rest_route=\/wp\/v2\/pages"}],"about":[{"href":"https:\/\/schleido.de\/index.php?rest_route=\/wp\/v2\/types\/page"}],"author":[{"embeddable":true,"href":"https:\/\/schleido.de\/index.php?rest_route=\/wp\/v2\/users\/1"}],"replies":[{"embeddable":true,"href":"https:\/\/schleido.de\/index.php?rest_route=%2Fwp%2Fv2%2Fcomments&post=11"}],"version-history":[{"count":11,"href":"https:\/\/schleido.de\/index.php?rest_route=\/wp\/v2\/pages\/11\/revisions"}],"predecessor-version":[{"id":88,"href":"https:\/\/schleido.de\/index.php?rest_route=\/wp\/v2\/pages\/11\/revisions\/88"}],"wp:attachment":[{"href":"https:\/\/schleido.de\/index.php?rest_route=%2Fwp%2Fv2%2Fmedia&parent=11"}],"curies":[{"name":"wp","href":"https:\/\/api.w.org\/{rel}","templated":true}]}}